{"id":10986,"date":"2017-03-14T10:53:33","date_gmt":"2017-03-14T10:53:33","guid":{"rendered":"http:\/\/gallinasyfocas.com\/main-home\/"},"modified":"2022-01-11T08:17:36","modified_gmt":"2022-01-11T08:17:36","slug":"main-home","status":"publish","type":"page","link":"https:\/\/gallinasyfocas.com\/en\/","title":{"rendered":"Inicio"},"content":{"rendered":"<div class=\"wpb-content-wrapper\"><div class=\"eltdf-row-grid-section\"><div class=\"vc_row wpb_row vc_row-fluid vc_custom_1489661241046 eltdf-row-type-row\" style=\"\"><div class=\"wpb_column vc_column_container vc_col-sm-12\"><div class=\"vc_column-inner\"><div class=\"wpb_wrapper\"><div class=\"vc_separator wpb_content_element vc_separator_align_center vc_sep_width_100 vc_sep_pos_align_center vc_separator_no_text vc_sep_color_grey wpb_content_element  wpb_content_element\" ><span class=\"vc_sep_holder vc_sep_holder_l\"><span class=\"vc_sep_line\"><\/span><\/span><span class=\"vc_sep_holder vc_sep_holder_r\"><span class=\"vc_sep_line\"><\/span><\/span>\n<\/div><\/div><\/div><\/div><\/div><\/div><div class=\"eltdf-row-grid-section\"><div class=\"vc_row wpb_row vc_row-fluid vc_custom_1505203795988 eltdf-content-aligment-center eltdf-row-type-row\" style=\"\"><div class=\"wpb_column vc_column_container vc_col-sm-12\"><div class=\"vc_column-inner vc_custom_1489652759587\"><div class=\"wpb_wrapper\"><div class=\"eltdf-section-title-holder\" >\n\t\t\t<h2 class=\"eltdf-st-title\" >\n\t\t\t<span>Project origin<\/span>\n\t\t<\/h2>\n                    <div class=\"eltdf-st-separator clearfix\">\n                <div class=\"eltdf-separator\" ><\/div>\n            <\/div>\n        \t\t\t\t<h4 class=\"eltdf-st-subtitle\" >\n\t\t<span>\u2018Gallinas y Focas\u2019 Hens and Seals is a wine rich in human content, the fruit of a collaboration between amadip esment and 4kilos vineyard. amadip.esment is an organization for people with mental disabilities, who along with their families get to enjoy an improved quality of life and share the same opportunities as other citizens.<\/span>\n\t\t<\/h4>\n\t\t<\/div><\/div><\/div><\/div><\/div><\/div><div class=\"vc_row wpb_row vc_row-fluid eltdf-content-aligment-center eltdf-row-type-row\" style=\"\"><div class=\"wpb_column vc_column_container vc_col-sm-12\"><div class=\"vc_column-inner\"><div class=\"wpb_wrapper\"><div class=\"eltdf-row-grid-section\"><div class=\"vc_row wpb_row vc_inner vc_row-fluid\"><div class=\"wpb_column vc_column_container vc_col-sm-12\"><div class=\"vc_column-inner\"><div class=\"wpb_wrapper\"><div class=\"vc_separator wpb_content_element vc_separator_align_center vc_sep_width_100 vc_sep_pos_align_center vc_separator_no_text vc_sep_color_grey wpb_content_element  wpb_content_element\" ><span class=\"vc_sep_holder vc_sep_holder_l\"><span class=\"vc_sep_line\"><\/span><\/span><span class=\"vc_sep_holder vc_sep_holder_r\"><span class=\"vc_sep_line\"><\/span><\/span>\n<\/div><\/div><\/div><\/div><\/div><\/div><div class=\"eltdf-elements-holder eltdf-responsive-mode-768\" ><div class=\"eltdf-eh-item \" data-item-class=\"eltdf-eh-custom-186864\" data-1280-1600=\"12% 0%\" data-1024-1280=\"12% 0%\" data-768-1024=\"12% 0%\" data-600-768=\"11% 0%\" data-480-600=\"11% 0%\" data-480=\"11% 0%\" >\n\t<div class=\"eltdf-eh-item-inner\" style=\"background-image: url(https:\/\/gallinasyfocas.com\/wp-content\/uploads\/2017\/03\/mapa-mallorca.jpg);background-size: cover\">\n\t\t<div class=\"eltdf-eh-item-content eltdf-eh-custom-186864\" style=\"padding: 13% 0%\">\n\t\t\t<div class=\"vc_empty_space\"   style=\"height: 32px\"><span class=\"vc_empty_space_inner\"><\/span><\/div>\t\t<\/div>\n\t<\/div>\n\t<\/div><\/div><div class=\"eltdf-elements-holder eltdf-responsive-mode-768\" ><div class=\"eltdf-eh-item eltdf-horizontal-alignment-center\" data-item-class=\"eltdf-eh-custom-555424\" data-1280-1600=\"1% 34% 26%\" data-1024-1280=\"9% 30% 50%\" data-768-1024=\"10% 22% 63%\" data-600-768=\"10% 21% 83%\" data-480-600=\"10% 9% 200%\" data-480=\"10% 9% 200%\" >\n\t<div class=\"eltdf-eh-item-inner\" style=\"background-image: url(https:\/\/gallinasyfocas.com\/wp-content\/uploads\/2020\/11\/cabecera.jpg);background-size: cover\">\n\t\t<div class=\"eltdf-eh-item-content eltdf-eh-custom-555424\" style=\"padding: 4.5% 37% 30%\">\n\t\t\t<div class=\"eltdf-section-title-holder\" >\n\t\t\t<h2 class=\"eltdf-st-title\" style=\"color: #000000\">\n\t\t\t<span>Origin of the Name<\/span>\n\t\t<\/h2>\n                    <div class=\"eltdf-st-separator clearfix\">\n                <div class=\"eltdf-separator\" ><\/div>\n            <\/div>\n        \t\t\t<\/div>\n\t<div class=\"wpb_text_column wpb_content_element\" >\n\t\t<div class=\"wpb_wrapper\">\n\t\t\t<p><span style=\"color: #000000;\">\u2018Gallinas y Focas\u2019 is the result of a brainstorm of ideas on behalf of the members of amadip.esment to come up with the name of the wine. When they were asked why they had chosen such a name the reply couldn\u2019t have been clearer: hens are funny and seals clap. At the same time they were asked to come up with illustrative drawings of hens and seals that would then therefore serve to illustrate the wine label.<\/span><\/p>\n\n\t\t<\/div>\n\t<\/div>\n\t\t<\/div>\n\t<\/div>\n\t<\/div><\/div><\/div><\/div><\/div><\/div><div class=\"eltdf-row-grid-section\"><div class=\"vc_row wpb_row vc_row-fluid vc_custom_1505217086917 eltdf-row-type-row\" style=\"\"><div class=\"wpb_column vc_column_container vc_col-sm-12\"><div class=\"vc_column-inner\"><div class=\"wpb_wrapper\"><div class=\"vc_separator wpb_content_element vc_separator_align_center vc_sep_width_100 vc_sep_pos_align_center vc_separator_no_text vc_sep_color_grey vc_custom_1505216838297 wpb_content_element  vc_custom_1505216838297 wpb_content_element\" ><span class=\"vc_sep_holder vc_sep_holder_l\"><span class=\"vc_sep_line\"><\/span><\/span><span class=\"vc_sep_holder vc_sep_holder_r\"><span class=\"vc_sep_line\"><\/span><\/span>\n<\/div><div class=\"eltdf-section-title-holder\" style=\"text-align: center\">\n\t\t\t<h2 class=\"eltdf-st-title\" >\n\t\t\t<span>Wines<\/span>\n\t\t<\/h2>\n                    <div class=\"eltdf-st-separator clearfix\">\n                <div class=\"eltdf-separator\" style=\"margin-top: 30px\"><\/div>\n            <\/div>\n        \t\t\t<\/div><div class=\"vc_row wpb_row vc_inner vc_row-fluid\"><div class=\"wpb_column vc_column_container vc_col-sm-12 vc_col-lg-9 vc_col-md-8\"><div class=\"vc_column-inner\"><div class=\"wpb_wrapper\"><div class=\"eltdf-elements-holder eltdf-responsive-mode-768\" ><div class=\"eltdf-eh-item eltdf-horizontal-alignment-right\" data-item-class=\"eltdf-eh-custom-592277\" data-1024-1280=\"129px 0% 150px 15%\" data-768-1024=\"129px 0% 150px 10%\" data-600-768=\"150px 0% 0px 6%\" data-480-600=\"150px 0% 0px 0px\" data-480=\"150px 0% 0px 0px\" >\n\t<div class=\"eltdf-eh-item-inner\" >\n\t\t<div class=\"eltdf-eh-item-content eltdf-eh-custom-592277\" style=\"padding: 50px 0% 63px 22%\">\n\t\t\t\n\t<div class=\"wpb_text_column wpb_content_element\" >\n\t\t<div class=\"wpb_wrapper\">\n\t\t\t<h6>2016<\/h6>\n\n\t\t<\/div>\n\t<\/div>\n\n\t<div class=\"wpb_text_column wpb_content_element vc_custom_1559534802250\" >\n\t\t<div class=\"wpb_wrapper\">\n\t\t\t<h3>Gallinas &amp; Focas<\/h3>\n\n\t\t<\/div>\n\t<\/div>\n\n\t<div class=\"wpb_text_column wpb_content_element vc_custom_1568259169047\" >\n\t\t<div class=\"wpb_wrapper\">\n\t\t\t<p class=\"p1\">\u2018Gallinas y Focas\u2019 is the result of a brainstorm of ideas on behalf of the members of amadip.esment to come up with the name of the wine.<\/p>\n\n\t\t<\/div>\n\t<\/div>\n<div class=\"vc_empty_space\"   style=\"height: 27px\"><span class=\"vc_empty_space_inner\"><\/span><\/div><a itemprop=\"url\" href=\"\/wine\/#Gallinasyfocas\" target=\"_self\"  class=\"eltdf-btn eltdf-btn-medium eltdf-btn-outline eltdf-btn-custom-hover-bg eltdf-btn-custom-border-hover eltdf-btn-custom-hover-color\" data-hover-color=\"#737272\" data-hover-bg-color=\"rgba(255,255,255,0.01)\" data-hover-border-color=\"#737272\" >\n    <span class=\"eltdf-btn-text\">View more<\/span>\n    <\/a>\t\t<\/div>\n\t<\/div>\n\t<\/div><\/div><\/div><\/div><\/div><div class=\"wpb_column vc_column_container vc_col-sm-12 vc_col-lg-3 vc_col-md-4\"><div class=\"vc_column-inner\"><div class=\"wpb_wrapper\"><div class=\"eltdf-elements-holder eltdf-responsive-mode-768\" ><div class=\"eltdf-eh-item eltdf-horizontal-alignment-center\" data-item-class=\"eltdf-eh-custom-313305\" data-1280-1600=\"106px 0px 0px 0px\" data-1024-1280=\"106px 0px 0px 0px\" data-768-1024=\"88px 0px 0px 0px\" data-600-768=\"10px 0px 150px 0px\" data-480-600=\"96px 0px 150px 0px\" data-480=\"96px 0px 150px 0px\" >\n\t<div class=\"eltdf-eh-item-inner\" >\n\t\t<div class=\"eltdf-eh-item-content eltdf-eh-custom-313305\" style=\"padding: 50px 0px 0px 0px\">\n\t\t\t<div class=\"eltdf-parallax-image\" style=\"height: 422px\">\n\t<img decoding=\"async\" src=\"https:\/\/gallinasyfocas.com\/wp-content\/uploads\/2019\/09\/gyfportada2016.png\" alt=\"gyfportada2016\" \/>\n<\/div>\t\t<\/div>\n\t<\/div>\n\t<\/div><\/div><\/div><\/div><\/div><\/div><div class=\"vc_row wpb_row vc_inner vc_row-fluid\"><div class=\"wpb_column vc_column_container vc_col-sm-12 vc_col-lg-3 vc_col-md-4\"><div class=\"vc_column-inner\"><div class=\"wpb_wrapper\"><div class=\"vc_empty_space\"   style=\"height: 95px\"><span class=\"vc_empty_space_inner\"><\/span><\/div><div class=\"eltdf-parallax-image\" style=\"height: 422px\">\n\t<img decoding=\"async\" src=\"https:\/\/gallinasyfocas.com\/wp-content\/uploads\/2017\/03\/cussa-antonia.jpg\" alt=\"cussa-antonia\" \/>\n<\/div><\/div><\/div><\/div><div class=\"wpb_column vc_column_container vc_col-sm-12 vc_col-lg-9 vc_col-md-8\"><div class=\"vc_column-inner\"><div class=\"wpb_wrapper\"><div class=\"eltdf-elements-holder eltdf-responsive-mode-768\" ><div class=\"eltdf-eh-item \" data-item-class=\"eltdf-eh-custom-975333\" data-1024-1280=\"129px 15% 150px 0px\" data-768-1024=\"137px 10% 150px 0px\" data-600-768=\"50px 6% 150px 0px\" data-480-600=\"50px 0% 150px 0px\" data-480=\"50px 0% 150px 0px\" >\n\t<div class=\"eltdf-eh-item-inner\" >\n\t\t<div class=\"eltdf-eh-item-content eltdf-eh-custom-975333\" style=\"padding: 129px 22% 70px 0px\">\n\t\t\t\n\t<div class=\"wpb_text_column wpb_content_element\" >\n\t\t<div class=\"wpb_wrapper\">\n\t\t\t<h6>2016<\/h6>\n\n\t\t<\/div>\n\t<\/div>\n\n\t<div class=\"wpb_text_column wpb_content_element vc_custom_1505206993628\" >\n\t\t<div class=\"wpb_wrapper\">\n\t\t\t<h3>Sa Cussa Ant\u00f2nia<\/h3>\n\n\t\t<\/div>\n\t<\/div>\n\n\t<div class=\"wpb_text_column wpb_content_element vc_custom_1505207084174\" >\n\t\t<div class=\"wpb_wrapper\">\n\t\t\t<p>Sa cussa Ant\u00f2nia es descendiente directade la perra espacial Laika. Ella fue el primer ser vivo terrestre en orbitar la Tierra en 1957 a bordo de la nave sovi\u00e9tica Sputnik.Sa Cussa Ant\u00f2nia a\u00fan vive en el norte de Mallorca.<\/p>\n\n\t\t<\/div>\n\t<\/div>\n<div class=\"vc_empty_space\"   style=\"height: 27px\"><span class=\"vc_empty_space_inner\"><\/span><\/div><a itemprop=\"url\" href=\"\/wine\/#sacussa\" target=\"_self\"  class=\"eltdf-btn eltdf-btn-medium eltdf-btn-outline eltdf-btn-custom-hover-bg eltdf-btn-custom-border-hover eltdf-btn-custom-hover-color\" data-hover-color=\"#737272\" data-hover-bg-color=\"rgba(255,255,255,0.01)\" data-hover-border-color=\"#737272\" >\n    <span class=\"eltdf-btn-text\">View more<\/span>\n    <\/a>\t\t<\/div>\n\t<\/div>\n\t<\/div><\/div><\/div><\/div><\/div><\/div><div class=\"vc_separator wpb_content_element vc_separator_align_center vc_sep_width_100 vc_sep_pos_align_center vc_separator_no_text vc_sep_color_grey wpb_content_element  wpb_content_element\" ><span class=\"vc_sep_holder vc_sep_holder_l\"><span class=\"vc_sep_line\"><\/span><\/span><span class=\"vc_sep_holder vc_sep_holder_r\"><span class=\"vc_sep_line\"><\/span><\/span>\n<\/div><div class=\"vc_separator wpb_content_element vc_separator_align_center vc_sep_width_100 vc_sep_pos_align_center vc_separator_no_text vc_sep_color_grey wpb_content_element  wpb_content_element\" ><span class=\"vc_sep_holder vc_sep_holder_l\"><span class=\"vc_sep_line\"><\/span><\/span><span class=\"vc_sep_holder vc_sep_holder_r\"><span class=\"vc_sep_line\"><\/span><\/span>\n<\/div><\/div><\/div><\/div><\/div><\/div><div class=\"eltdf-row-grid-section\"><div class=\"vc_row wpb_row vc_row-fluid vc_custom_1489678880204 eltdf-content-aligment-center eltdf-row-type-row\" style=\"\"><div class=\"wpb_column vc_column_container vc_col-sm-12\"><div class=\"vc_column-inner vc_custom_1489652759587\"><div class=\"wpb_wrapper\"><div class=\"eltdf-section-title-holder\" >\n\t\t\t<h2 class=\"eltdf-st-title\" >\n\t\t\t<span>Our team<\/span>\n\t\t<\/h2>\n                    <div class=\"eltdf-st-separator clearfix\">\n                <div class=\"eltdf-separator\" ><\/div>\n            <\/div>\n        \t\t\t<\/div><div class=\"vc_empty_space\"   style=\"height: 40px\"><span class=\"vc_empty_space_inner\"><\/span><\/div><div class=\"vc_row wpb_row vc_inner vc_row-fluid eltdf-content-aligment-left\"><div class=\"wpb_column vc_column_container vc_col-sm-6 vc_col-lg-3 vc_col-md-6\"><div class=\"vc_column-inner\"><div class=\"wpb_wrapper\"><div class=\"eltdf-team-holder  eltdf-main-info-below-image\">\n\t<div class=\"eltdf-team-inner\">\n\t\t\t\t\t<div class=\"eltdf-team-image\">\n                <img decoding=\"async\" width=\"4615\" height=\"3077\" src=\"https:\/\/gallinasyfocas.com\/wp-content\/uploads\/2017\/03\/1.jpg\" class=\"attachment-full size-full\" alt=\"\" srcset=\"https:\/\/gallinasyfocas.com\/wp-content\/uploads\/2017\/03\/1.jpg 4615w, https:\/\/gallinasyfocas.com\/wp-content\/uploads\/2017\/03\/1-300x200.jpg 300w, https:\/\/gallinasyfocas.com\/wp-content\/uploads\/2017\/03\/1-768x512.jpg 768w, https:\/\/gallinasyfocas.com\/wp-content\/uploads\/2017\/03\/1-1024x683.jpg 1024w\" sizes=\"(max-width: 4615px) 100vw, 4615px\" \/>\t\t\t<\/div>\n\t\t\t\t<div class=\"eltdf-team-info\">\n\t\t\t\t\t\t\t<h5 class=\"eltdf-team-name\" >Hens &amp; Seals 2013<\/h5>\n\t\t\t\t\t\t\t\t\t\t\t\t\t<p class=\"eltdf-team-excerpt\" >Our wine Hens &amp; Seals 2013 is on sale.<\/p>\n\t\t\t\t\t\t\t\t<\/div>\n\t<\/div>\n<\/div><div class=\"vc_empty_space\"   style=\"height: 40px\"><span class=\"vc_empty_space_inner\"><\/span><\/div><\/div><\/div><\/div><div class=\"wpb_column vc_column_container vc_col-sm-6 vc_col-lg-3 vc_col-md-6\"><div class=\"vc_column-inner\"><div class=\"wpb_wrapper\"><div class=\"eltdf-team-holder  eltdf-main-info-below-image\">\n\t<div class=\"eltdf-team-inner\">\n\t\t\t\t\t<div class=\"eltdf-team-image\">\n                <img decoding=\"async\" width=\"308\" height=\"208\" src=\"https:\/\/gallinasyfocas.com\/wp-content\/uploads\/2017\/03\/5.jpg\" class=\"attachment-full size-full\" alt=\"\" srcset=\"https:\/\/gallinasyfocas.com\/wp-content\/uploads\/2017\/03\/5.jpg 308w, https:\/\/gallinasyfocas.com\/wp-content\/uploads\/2017\/03\/5-300x203.jpg 300w\" sizes=\"(max-width: 308px) 100vw, 308px\" \/>\t\t\t<\/div>\n\t\t\t\t<div class=\"eltdf-team-info\">\n\t\t\t\t\t\t\t<h5 class=\"eltdf-team-name\" >Making Hens &amp; Seals<\/h5>\n\t\t\t\t\t\t\t\t\t\t\t\t\t<p class=\"eltdf-team-excerpt\" >V\u00eddeo making of Hens &amp; Seals 2014<\/p>\n\t\t\t\t\t\t\t\t<\/div>\n\t<\/div>\n<\/div><div class=\"vc_empty_space\"   style=\"height: 40px\"><span class=\"vc_empty_space_inner\"><\/span><\/div><\/div><\/div><\/div><div class=\"wpb_column vc_column_container vc_col-sm-6 vc_col-lg-3 vc_col-md-6\"><div class=\"vc_column-inner\"><div class=\"wpb_wrapper\"><div class=\"eltdf-team-holder  eltdf-main-info-below-image\">\n\t<div class=\"eltdf-team-inner\">\n\t\t\t\t\t<div class=\"eltdf-team-image\">\n                <img decoding=\"async\" width=\"308\" height=\"208\" src=\"https:\/\/gallinasyfocas.com\/wp-content\/uploads\/2017\/03\/3.jpg\" class=\"attachment-full size-full\" alt=\"\" srcset=\"https:\/\/gallinasyfocas.com\/wp-content\/uploads\/2017\/03\/3.jpg 308w, https:\/\/gallinasyfocas.com\/wp-content\/uploads\/2017\/03\/3-300x203.jpg 300w\" sizes=\"(max-width: 308px) 100vw, 308px\" \/>\t\t\t<\/div>\n\t\t\t\t<div class=\"eltdf-team-info\">\n\t\t\t\t\t\t\t<h5 class=\"eltdf-team-name\" >Hens &amp; Seals Drawings 2014<\/h5>\n\t\t\t\t\t\t\t\t\t\t\t\t\t<p class=\"eltdf-team-excerpt\" >Visit our gallery making the new label drawings Hens &amp; Seals 2014<\/p>\n\t\t\t\t\t\t\t\t<\/div>\n\t<\/div>\n<\/div><div class=\"vc_empty_space\"   style=\"height: 40px\"><span class=\"vc_empty_space_inner\"><\/span><\/div><\/div><\/div><\/div><div class=\"wpb_column vc_column_container vc_col-sm-6 vc_col-lg-3 vc_col-md-6\"><div class=\"vc_column-inner\"><div class=\"wpb_wrapper\"><div class=\"eltdf-team-holder  eltdf-main-info-below-image\">\n\t<div class=\"eltdf-team-inner\">\n\t\t\t\t\t<div class=\"eltdf-team-image\">\n                <img decoding=\"async\" width=\"308\" height=\"208\" src=\"https:\/\/gallinasyfocas.com\/wp-content\/uploads\/2017\/03\/43.jpg\" class=\"attachment-full size-full\" alt=\"\" srcset=\"https:\/\/gallinasyfocas.com\/wp-content\/uploads\/2017\/03\/43.jpg 308w, https:\/\/gallinasyfocas.com\/wp-content\/uploads\/2017\/03\/43-300x203.jpg 300w\" sizes=\"(max-width: 308px) 100vw, 308px\" \/>\t\t\t<\/div>\n\t\t\t\t<div class=\"eltdf-team-info\">\n\t\t\t\t\t\t\t<h5 class=\"eltdf-team-name\" >Verema 2014<\/h5>\n\t\t\t\t\t\t\t\t\t\t\t\t\t\t<\/div>\n\t<\/div>\n<\/div><div class=\"vc_empty_space\"   style=\"height: 40px\"><span class=\"vc_empty_space_inner\"><\/span><\/div><\/div><\/div><\/div><\/div><\/div><\/div><\/div><\/div><\/div>\n<\/div>","protected":false},"excerpt":{"rendered":"Project origin \u2018Gallinas y Focas\u2019 Hens and Seals is a wine rich in human content, the fruit of a collaboration between amadip esment and 4kilos vineyard. amadip.esment is an organization for people with mental disabilities, who along with their families get to enjoy an improved [...]","protected":false},"author":2,"featured_media":0,"parent":0,"menu_order":0,"comment_status":"closed","ping_status":"closed","template":"full-width.php","meta":{"footnotes":""},"class_list":["post-10986","page","type-page","status-publish","hentry"],"yoast_head":"<!-- This site is optimized with the Yoast SEO plugin v27.3 - https:\/\/yoast.com\/product\/yoast-seo-wordpress\/ -->\n<title>Inicio - Gallinas &amp; Focas<\/title>\n<meta name=\"robots\" content=\"index, follow, max-snippet:-1, max-image-preview:large, max-video-preview:-1\" \/>\n<link rel=\"canonical\" href=\"https:\/\/gallinasyfocas.com\/en\/\" \/>\n<meta property=\"og:locale\" content=\"en_US\" \/>\n<meta property=\"og:type\" content=\"article\" \/>\n<meta property=\"og:title\" content=\"Inicio - Gallinas &amp; Focas\" \/>\n<meta property=\"og:url\" content=\"https:\/\/gallinasyfocas.com\/en\/\" \/>\n<meta property=\"og:site_name\" content=\"Gallinas &amp; Focas\" \/>\n<meta property=\"article:modified_time\" content=\"2022-01-11T08:17:36+00:00\" \/>\n<meta name=\"twitter:card\" content=\"summary_large_image\" \/>\n<meta name=\"twitter:label1\" content=\"Est. reading time\" \/>\n\t<meta name=\"twitter:data1\" content=\"3 minutes\" \/>\n<script type=\"application\/ld+json\" class=\"yoast-schema-graph\">{\"@context\":\"https:\\\/\\\/schema.org\",\"@graph\":[{\"@type\":\"WebPage\",\"@id\":\"https:\\\/\\\/gallinasyfocas.com\\\/en\\\/\",\"url\":\"https:\\\/\\\/gallinasyfocas.com\\\/en\\\/\",\"name\":\"Inicio - Gallinas &amp; Focas\",\"isPartOf\":{\"@id\":\"https:\\\/\\\/gallinasyfocas.com\\\/en\\\/#website\"},\"datePublished\":\"2017-03-14T10:53:33+00:00\",\"dateModified\":\"2022-01-11T08:17:36+00:00\",\"breadcrumb\":{\"@id\":\"https:\\\/\\\/gallinasyfocas.com\\\/en\\\/#breadcrumb\"},\"inLanguage\":\"en-US\",\"potentialAction\":[{\"@type\":\"ReadAction\",\"target\":[\"https:\\\/\\\/gallinasyfocas.com\\\/en\\\/\"]}]},{\"@type\":\"BreadcrumbList\",\"@id\":\"https:\\\/\\\/gallinasyfocas.com\\\/en\\\/#breadcrumb\",\"itemListElement\":[{\"@type\":\"ListItem\",\"position\":1,\"name\":\"Portada\",\"item\":\"https:\\\/\\\/gallinasyfocas.com\\\/en\\\/\"},{\"@type\":\"ListItem\",\"position\":2,\"name\":\"Inicio\"}]},{\"@type\":\"WebSite\",\"@id\":\"https:\\\/\\\/gallinasyfocas.com\\\/en\\\/#website\",\"url\":\"https:\\\/\\\/gallinasyfocas.com\\\/en\\\/\",\"name\":\"Gallinas &amp; Focas\",\"description\":\"Es un vino con un alto contenido humano fruto de la colaboraci\u00f3n de Amadip Esment y 4kilos Vin\u00edcola\",\"potentialAction\":[{\"@type\":\"SearchAction\",\"target\":{\"@type\":\"EntryPoint\",\"urlTemplate\":\"https:\\\/\\\/gallinasyfocas.com\\\/en\\\/?s={search_term_string}\"},\"query-input\":{\"@type\":\"PropertyValueSpecification\",\"valueRequired\":true,\"valueName\":\"search_term_string\"}}],\"inLanguage\":\"en-US\"}]}<\/script>\n<!-- \/ Yoast SEO plugin. -->","yoast_head_json":{"title":"Inicio - Gallinas &amp; Focas","robots":{"index":"index","follow":"follow","max-snippet":"max-snippet:-1","max-image-preview":"max-image-preview:large","max-video-preview":"max-video-preview:-1"},"canonical":"https:\/\/gallinasyfocas.com\/en\/","og_locale":"en_US","og_type":"article","og_title":"Inicio - Gallinas &amp; Focas","og_url":"https:\/\/gallinasyfocas.com\/en\/","og_site_name":"Gallinas &amp; Focas","article_modified_time":"2022-01-11T08:17:36+00:00","twitter_card":"summary_large_image","twitter_misc":{"Est. reading time":"3 minutes"},"schema":{"@context":"https:\/\/schema.org","@graph":[{"@type":"WebPage","@id":"https:\/\/gallinasyfocas.com\/en\/","url":"https:\/\/gallinasyfocas.com\/en\/","name":"Inicio - Gallinas &amp; Focas","isPartOf":{"@id":"https:\/\/gallinasyfocas.com\/en\/#website"},"datePublished":"2017-03-14T10:53:33+00:00","dateModified":"2022-01-11T08:17:36+00:00","breadcrumb":{"@id":"https:\/\/gallinasyfocas.com\/en\/#breadcrumb"},"inLanguage":"en-US","potentialAction":[{"@type":"ReadAction","target":["https:\/\/gallinasyfocas.com\/en\/"]}]},{"@type":"BreadcrumbList","@id":"https:\/\/gallinasyfocas.com\/en\/#breadcrumb","itemListElement":[{"@type":"ListItem","position":1,"name":"Portada","item":"https:\/\/gallinasyfocas.com\/en\/"},{"@type":"ListItem","position":2,"name":"Inicio"}]},{"@type":"WebSite","@id":"https:\/\/gallinasyfocas.com\/en\/#website","url":"https:\/\/gallinasyfocas.com\/en\/","name":"Gallinas &amp; Focas","description":"Es un vino con un alto contenido humano fruto de la colaboraci\u00f3n de Amadip Esment y 4kilos Vin\u00edcola","potentialAction":[{"@type":"SearchAction","target":{"@type":"EntryPoint","urlTemplate":"https:\/\/gallinasyfocas.com\/en\/?s={search_term_string}"},"query-input":{"@type":"PropertyValueSpecification","valueRequired":true,"valueName":"search_term_string"}}],"inLanguage":"en-US"}]}},"_links":{"self":[{"href":"https:\/\/gallinasyfocas.com\/en\/wp-json\/wp\/v2\/pages\/10986","targetHints":{"allow":["GET"]}}],"collection":[{"href":"https:\/\/gallinasyfocas.com\/en\/wp-json\/wp\/v2\/pages"}],"about":[{"href":"https:\/\/gallinasyfocas.com\/en\/wp-json\/wp\/v2\/types\/page"}],"author":[{"embeddable":true,"href":"https:\/\/gallinasyfocas.com\/en\/wp-json\/wp\/v2\/users\/2"}],"replies":[{"embeddable":true,"href":"https:\/\/gallinasyfocas.com\/en\/wp-json\/wp\/v2\/comments?post=10986"}],"version-history":[{"count":12,"href":"https:\/\/gallinasyfocas.com\/en\/wp-json\/wp\/v2\/pages\/10986\/revisions"}],"predecessor-version":[{"id":12919,"href":"https:\/\/gallinasyfocas.com\/en\/wp-json\/wp\/v2\/pages\/10986\/revisions\/12919"}],"wp:attachment":[{"href":"https:\/\/gallinasyfocas.com\/en\/wp-json\/wp\/v2\/media?parent=10986"}],"curies":[{"name":"wp","href":"https:\/\/api.w.org\/{rel}","templated":true}]}}