{"id":11066,"date":"2016-09-30T12:49:10","date_gmt":"2016-09-30T12:49:10","guid":{"rendered":"http:\/\/gallinasyfocas.com\/contacto\/"},"modified":"2019-01-03T10:24:37","modified_gmt":"2019-01-03T10:24:37","slug":"contacte","status":"publish","type":"page","link":"https:\/\/gallinasyfocas.com\/ca\/contacte\/","title":{"rendered":"Contacte"},"content":{"rendered":"<div class=\"wpb-content-wrapper\"><div class=\"eltdf-row-grid-section\"><div class=\"vc_row wpb_row vc_row-fluid vc_custom_1491920222332 eltdf-row-type-row\" style=\"\"><div class=\"wpb_column vc_column_container vc_col-sm-6\"><div class=\"vc_column-inner\"><div class=\"wpb_wrapper\">\n<div class=\"wpcf7 no-js\" id=\"wpcf7-f11260-o1\" lang=\"\" dir=\"ltr\" data-wpcf7-id=\"11260\">\n<div class=\"screen-reader-response\"><p role=\"status\" aria-live=\"polite\" aria-atomic=\"true\"><\/p> <ul><\/ul><\/div>\n<form action=\"\/ca\/wp-json\/wp\/v2\/pages\/11066#wpcf7-f11260-o1\" method=\"post\" class=\"wpcf7-form init\" aria-label=\"Formulari de contacte\" novalidate=\"novalidate\" data-status=\"init\">\n<fieldset class=\"hidden-fields-container\"><input type=\"hidden\" name=\"_wpcf7\" value=\"11260\" \/><input type=\"hidden\" name=\"_wpcf7_version\" value=\"6.1.5\" \/><input type=\"hidden\" name=\"_wpcf7_locale\" value=\"\" \/><input type=\"hidden\" name=\"_wpcf7_unit_tag\" value=\"wpcf7-f11260-o1\" \/><input type=\"hidden\" name=\"_wpcf7_container_post\" value=\"0\" \/><input type=\"hidden\" name=\"_wpcf7_posted_data_hash\" value=\"\" \/>\n<\/fieldset>\n<p><label> Nom (*)<br \/>\n<span class=\"wpcf7-form-control-wrap\" data-name=\"your-name\"><input size=\"40\" maxlength=\"400\" class=\"wpcf7-form-control wpcf7-text wpcf7-validates-as-required\" aria-required=\"true\" aria-invalid=\"false\" value=\"\" type=\"text\" name=\"your-name\" \/><\/span> <\/label>\n<\/p>\n<p><label> Correu (*)<br \/>\n<span class=\"wpcf7-form-control-wrap\" data-name=\"your-email\"><input size=\"40\" maxlength=\"400\" class=\"wpcf7-form-control wpcf7-email wpcf7-validates-as-required wpcf7-text wpcf7-validates-as-email\" aria-required=\"true\" aria-invalid=\"false\" value=\"\" type=\"email\" name=\"your-email\" \/><\/span> <\/label>\n<\/p>\n<p><label> Assumpte (*)<br \/>\n<span class=\"wpcf7-form-control-wrap\" data-name=\"your-subject\"><input size=\"40\" maxlength=\"400\" class=\"wpcf7-form-control wpcf7-text wpcf7-validates-as-required\" aria-required=\"true\" aria-invalid=\"false\" value=\"\" type=\"text\" name=\"your-subject\" \/><\/span> <\/label>\n<\/p>\n<p><label> Missatge (*)<br \/>\n<span class=\"wpcf7-form-control-wrap\" data-name=\"your-message\"><textarea cols=\"40\" rows=\"10\" maxlength=\"2000\" class=\"wpcf7-form-control wpcf7-textarea wpcf7-validates-as-required\" aria-required=\"true\" aria-invalid=\"false\" name=\"your-message\"><\/textarea><\/span> <\/label>\n<\/p>\n<div>\n\t<p>Informaci\u00f3 b\u00e0sica sobre protecci\u00f3 de dades. El responsable del tractament \u00e9s amadip.esment fundaci\u00f3. La finalitat \u00e9s l'atenci\u00f3 a la seva consulta. T\u00e9 dret a sol\u00b7licitar l'acc\u00e9s a les seves dades personals, la seva rectificaci\u00f3, supressi\u00f3 o portabilitat, la limitaci\u00f3 del seu tractament, a oposar-se al tractament, aix\u00ed com a presentar una reclamaci\u00f3 davant l'AEPD. + <a href=\"https:\/\/gallinasyfocas.com\/politica-de-privacidad\/\">info aqu\u00ed<\/a>\n\t<\/p>\n<\/div>\n<div>\n\t<p>Abans d'enviar aquest formulari, ha de llegir la informaci\u00f3 b\u00e0sica sobre protecci\u00f3 de dades que es troba m\u00e9s a baix. En pr\u00e9mer el bot\u00f3 d'enviament manifesta haver llegit aquesta informaci\u00f3 i acceptar les condicions d'\u00fas de la web. <a href=\"https:\/\/gallinasyfocas.com\/wp-content\/uploads\/2018\/12\/nota-legal-amadip.esment.pdf\"> nota legal<\/a>\n\t<\/p>\n<\/div>\n<div class=\"dscf7-captcha-container\"><input name=\"dscf7_hidden_val1-dscf7captcha-234\" id=\"dscf7_hidden_val1-dscf7captcha-234\" type=\"hidden\" value=\"7\" \/><input name=\"dscf7_hidden_val2-dscf7captcha-234\" id=\"dscf7_hidden_val2-dscf7captcha-234\" type=\"hidden\" value=\"5\" \/><input name=\"dscf7_hidden_action-dscf7captcha-234\" id=\"dscf7_hidden_action-dscf7captcha-234\" type=\"hidden\" value=\"x\" \/><div class=\"dscf7-question-container\"><span class=\"dscf7_lt\">What is 5 x 7 ? <a href=\"javascript:void(0)\" id=\"dscf7captcha-234\" class=\"dscf7_refresh_captcha\" aria-label=\"Refresh captcha\"><img decoding=\"async\" class=\"dscf7_captcha_icon\" src=\"https:\/\/gallinasyfocas.com\/wp-content\/plugins\/ds-cf7-math-captcha\/assets\/img\/icons8-refresh-30.png\" alt=\"Refresh icon\"\/><img decoding=\"async\" class=\"dscf7_captcha_reload_icon\" src=\"https:\/\/gallinasyfocas.com\/wp-content\/plugins\/ds-cf7-math-captcha\/assets\/img\/446bcd468478f5bfb7b4e5c804571392_w200.gif\" alt=\"Refreshing captcha\" style=\"display:none; width:30px\" \/><\/a><\/span><\/div><div class=\"dscf7-answer-container\"><label for=\"dscf7captcha-234-input\" class=\"screen-reader-text\">Answer for 5 x 7<\/label><span class=\"wpcf7-form-control-wrap\" data-name=\"dscf7captcha-234\"><input type=\"text\" id=\"dscf7captcha-234-input\" aria-label=\"Answer for 5 x 7\" class=\"wpcf7-form-control wpcf7-text\" size=\"5\" value=\"\" name=\"dscf7captcha-234\" placeholder=\"Type your answer\" style=\"\" oninput=\"this.value = this.value.replace(\/[^0-9.]\/g, '').replace(\/(\\..*)\\.\/g, '$1');\"><\/span><input type=\"hidden\" name=\"ds_cf7_nonce\" value=\"0194438433\"><\/div><\/div><br \/>\n<input class=\"wpcf7-form-control wpcf7-submit has-spinner\" type=\"submit\" value=\"Enviar\" \/>\n<\/p><input type='hidden' class='wpcf7-pum' value='{\"closepopup\":false,\"closedelay\":0,\"openpopup\":false,\"openpopup_id\":0}' \/><div class=\"wpcf7-response-output\" aria-hidden=\"true\"><\/div>\n<\/form>\n<\/div>\n<\/div><\/div><\/div><div class=\"wpb_column vc_column_container vc_col-sm-6\"><div class=\"vc_column-inner\"><div class=\"wpb_wrapper\"><div class=\"wpb_gmaps_widget wpb_content_element\"><div class=\"wpb_wrapper\"><div class=\"wpb_map_wraper\"><iframe loading=\"lazy\" src=\"https:\/\/www.google.com\/maps\/embed?pb=!1m14!1m8!1m3!1d12299.00305276539!2d2.7127916!3d39.5877672!3m2!1i1024!2i768!4f13.1!3m3!1m2!1s0x0%3A0x688ed2de334a1445!2sFundaci%C3%B3+Amadip+Esment!5e0!3m2!1ses!2ses!4v1475566028851\" width=\"100%\" height=\"686\" frameborder=\"0\" style=\"border:0\" allowfullscreen><\/iframe><\/div><\/div><\/div><\/div><\/div><\/div><\/div><\/div><div class=\"vc_row wpb_row vc_row-fluid eltdf-row-type-row\" style=\"\"><div class=\"wpb_column vc_column_container vc_col-sm-12\"><div class=\"vc_column-inner\"><div class=\"wpb_wrapper\"><\/div><\/div><\/div><\/div>\n<\/div>","protected":false},"excerpt":{"rendered":"Nom (*) Correu (*) Assumpte (*) Missatge (*) Informaci\u00f3 b\u00e0sica sobre protecci\u00f3 de dades. El responsable del tractament \u00e9s amadip.esment fundaci\u00f3. La finalitat \u00e9s l'atenci\u00f3 a la seva consulta. T\u00e9 dret a sol\u00b7licitar l'acc\u00e9s a les seves dades personals, la seva rectificaci\u00f3, supressi\u00f3 o portabilitat, [...]","protected":false},"author":2,"featured_media":0,"parent":0,"menu_order":0,"comment_status":"closed","ping_status":"closed","template":"","meta":{"footnotes":""},"class_list":["post-11066","page","type-page","status-publish","hentry"],"yoast_head":"<!-- This site is optimized with the Yoast SEO plugin v27.3 - https:\/\/yoast.com\/product\/yoast-seo-wordpress\/ -->\n<title>Contacte - Gallinas &amp; Focas<\/title>\n<meta name=\"robots\" content=\"index, follow, max-snippet:-1, max-image-preview:large, max-video-preview:-1\" \/>\n<link rel=\"canonical\" href=\"https:\/\/gallinasyfocas.com\/ca\/contacte\/\" \/>\n<meta property=\"og:locale\" content=\"ca_ES\" \/>\n<meta property=\"og:type\" content=\"article\" \/>\n<meta property=\"og:title\" content=\"Contacte - Gallinas &amp; Focas\" \/>\n<meta property=\"og:url\" content=\"https:\/\/gallinasyfocas.com\/ca\/contacte\/\" \/>\n<meta property=\"og:site_name\" content=\"Gallinas &amp; Focas\" \/>\n<meta property=\"article:modified_time\" content=\"2019-01-03T10:24:37+00:00\" \/>\n<meta name=\"twitter:card\" content=\"summary_large_image\" \/>\n<script type=\"application\/ld+json\" class=\"yoast-schema-graph\">{\"@context\":\"https:\\\/\\\/schema.org\",\"@graph\":[{\"@type\":\"WebPage\",\"@id\":\"https:\\\/\\\/gallinasyfocas.com\\\/ca\\\/contacte\\\/\",\"url\":\"https:\\\/\\\/gallinasyfocas.com\\\/ca\\\/contacte\\\/\",\"name\":\"Contacte - Gallinas &amp; Focas\",\"isPartOf\":{\"@id\":\"https:\\\/\\\/gallinasyfocas.com\\\/ca\\\/#website\"},\"datePublished\":\"2016-09-30T12:49:10+00:00\",\"dateModified\":\"2019-01-03T10:24:37+00:00\",\"breadcrumb\":{\"@id\":\"https:\\\/\\\/gallinasyfocas.com\\\/ca\\\/contacte\\\/#breadcrumb\"},\"inLanguage\":\"ca\",\"potentialAction\":[{\"@type\":\"ReadAction\",\"target\":[\"https:\\\/\\\/gallinasyfocas.com\\\/ca\\\/contacte\\\/\"]}]},{\"@type\":\"BreadcrumbList\",\"@id\":\"https:\\\/\\\/gallinasyfocas.com\\\/ca\\\/contacte\\\/#breadcrumb\",\"itemListElement\":[{\"@type\":\"ListItem\",\"position\":1,\"name\":\"Portada\",\"item\":\"https:\\\/\\\/gallinasyfocas.com\\\/ca\\\/\"},{\"@type\":\"ListItem\",\"position\":2,\"name\":\"Contacte\"}]},{\"@type\":\"WebSite\",\"@id\":\"https:\\\/\\\/gallinasyfocas.com\\\/ca\\\/#website\",\"url\":\"https:\\\/\\\/gallinasyfocas.com\\\/ca\\\/\",\"name\":\"Gallinas &amp; Focas\",\"description\":\"Es un vino con un alto contenido humano fruto de la colaboraci\u00f3n de Amadip Esment y 4kilos Vin\u00edcola\",\"potentialAction\":[{\"@type\":\"SearchAction\",\"target\":{\"@type\":\"EntryPoint\",\"urlTemplate\":\"https:\\\/\\\/gallinasyfocas.com\\\/ca\\\/?s={search_term_string}\"},\"query-input\":{\"@type\":\"PropertyValueSpecification\",\"valueRequired\":true,\"valueName\":\"search_term_string\"}}],\"inLanguage\":\"ca\"}]}<\/script>\n<!-- \/ Yoast SEO plugin. -->","yoast_head_json":{"title":"Contacte - Gallinas &amp; Focas","robots":{"index":"index","follow":"follow","max-snippet":"max-snippet:-1","max-image-preview":"max-image-preview:large","max-video-preview":"max-video-preview:-1"},"canonical":"https:\/\/gallinasyfocas.com\/ca\/contacte\/","og_locale":"ca_ES","og_type":"article","og_title":"Contacte - Gallinas &amp; Focas","og_url":"https:\/\/gallinasyfocas.com\/ca\/contacte\/","og_site_name":"Gallinas &amp; Focas","article_modified_time":"2019-01-03T10:24:37+00:00","twitter_card":"summary_large_image","schema":{"@context":"https:\/\/schema.org","@graph":[{"@type":"WebPage","@id":"https:\/\/gallinasyfocas.com\/ca\/contacte\/","url":"https:\/\/gallinasyfocas.com\/ca\/contacte\/","name":"Contacte - Gallinas &amp; Focas","isPartOf":{"@id":"https:\/\/gallinasyfocas.com\/ca\/#website"},"datePublished":"2016-09-30T12:49:10+00:00","dateModified":"2019-01-03T10:24:37+00:00","breadcrumb":{"@id":"https:\/\/gallinasyfocas.com\/ca\/contacte\/#breadcrumb"},"inLanguage":"ca","potentialAction":[{"@type":"ReadAction","target":["https:\/\/gallinasyfocas.com\/ca\/contacte\/"]}]},{"@type":"BreadcrumbList","@id":"https:\/\/gallinasyfocas.com\/ca\/contacte\/#breadcrumb","itemListElement":[{"@type":"ListItem","position":1,"name":"Portada","item":"https:\/\/gallinasyfocas.com\/ca\/"},{"@type":"ListItem","position":2,"name":"Contacte"}]},{"@type":"WebSite","@id":"https:\/\/gallinasyfocas.com\/ca\/#website","url":"https:\/\/gallinasyfocas.com\/ca\/","name":"Gallinas &amp; Focas","description":"Es un vino con un alto contenido humano fruto de la colaboraci\u00f3n de Amadip Esment y 4kilos Vin\u00edcola","potentialAction":[{"@type":"SearchAction","target":{"@type":"EntryPoint","urlTemplate":"https:\/\/gallinasyfocas.com\/ca\/?s={search_term_string}"},"query-input":{"@type":"PropertyValueSpecification","valueRequired":true,"valueName":"search_term_string"}}],"inLanguage":"ca"}]}},"_links":{"self":[{"href":"https:\/\/gallinasyfocas.com\/ca\/wp-json\/wp\/v2\/pages\/11066","targetHints":{"allow":["GET"]}}],"collection":[{"href":"https:\/\/gallinasyfocas.com\/ca\/wp-json\/wp\/v2\/pages"}],"about":[{"href":"https:\/\/gallinasyfocas.com\/ca\/wp-json\/wp\/v2\/types\/page"}],"author":[{"embeddable":true,"href":"https:\/\/gallinasyfocas.com\/ca\/wp-json\/wp\/v2\/users\/2"}],"replies":[{"embeddable":true,"href":"https:\/\/gallinasyfocas.com\/ca\/wp-json\/wp\/v2\/comments?post=11066"}],"version-history":[{"count":3,"href":"https:\/\/gallinasyfocas.com\/ca\/wp-json\/wp\/v2\/pages\/11066\/revisions"}],"predecessor-version":[{"id":11316,"href":"https:\/\/gallinasyfocas.com\/ca\/wp-json\/wp\/v2\/pages\/11066\/revisions\/11316"}],"wp:attachment":[{"href":"https:\/\/gallinasyfocas.com\/ca\/wp-json\/wp\/v2\/media?parent=11066"}],"curies":[{"name":"wp","href":"https:\/\/api.w.org\/{rel}","templated":true}]}}