{"id":11009,"date":"2017-03-23T08:13:20","date_gmt":"2017-03-23T08:13:20","guid":{"rendered":"http:\/\/gallinasyfocas.com\/gallinas-focas\/"},"modified":"2019-01-03T09:59:56","modified_gmt":"2019-01-03T09:59:56","slug":"gallines-foques","status":"publish","type":"page","link":"https:\/\/gallinasyfocas.com\/ca\/gallines-foques\/","title":{"rendered":"Gallines &#038; Foques"},"content":{"rendered":"<div class=\"wpb-content-wrapper\"><div class=\"eltdf-row-grid-section\"><div class=\"vc_row wpb_row vc_row-fluid vc_custom_1508226270980 vc_row-has-fill eltdf-row-type-row\" style=\"\"><div class=\"wpb_column vc_column_container vc_col-sm-12 vc_col-md-12\"><div class=\"vc_column-inner\"><div class=\"wpb_wrapper\">\n\t<div class=\"wpb_text_column wpb_content_element\" >\n\t\t<div class=\"wpb_wrapper\">\n\t\t\t<h3>Origen del proyecto<\/h3>\n\n\t\t<\/div>\n\t<\/div>\n<div class=\"eltdf-row-grid-section\"><div class=\"vc_row wpb_row vc_inner vc_row-fluid\"><div class=\"wpb_column vc_column_container vc_col-sm-12 vc_col-lg-3 vc_col-md-4\"><div class=\"vc_column-inner\"><div class=\"wpb_wrapper\"><div class=\"vc_empty_space\"   style=\"height: 10px\"><span class=\"vc_empty_space_inner\"><\/span><\/div>\n\t<div  class=\"wpb_single_image wpb_content_element vc_align_left wpb_content_element\">\n\t\t\n\t\t<figure class=\"wpb_wrapper vc_figure\">\n\t\t\t<div class=\"vc_single_image-wrapper   vc_box_border_grey\"><img decoding=\"async\" width=\"308\" height=\"208\" src=\"https:\/\/gallinasyfocas.com\/wp-content\/uploads\/2017\/03\/43.jpg\" class=\"vc_single_image-img attachment-full\" alt=\"\" title=\"43\" srcset=\"https:\/\/gallinasyfocas.com\/wp-content\/uploads\/2017\/03\/43.jpg 308w, https:\/\/gallinasyfocas.com\/wp-content\/uploads\/2017\/03\/43-300x203.jpg 300w\" sizes=\"(max-width: 308px) 100vw, 308px\" \/><\/div>\n\t\t<\/figure>\n\t<\/div>\n<\/div><\/div><\/div><div class=\"wpb_column vc_column_container vc_col-sm-12 vc_col-lg-9 vc_col-md-8\"><div class=\"vc_column-inner\"><div class=\"wpb_wrapper\">\n\t<div class=\"wpb_text_column wpb_content_element\" >\n\t\t<div class=\"wpb_wrapper\">\n\t\t\t<p>Gallines &amp; Foques \u00e9s un vi amb un alt contingut hum\u00e0 fruit de la col\u00b7laboraci\u00f3 d\u2019amadip.esment i 4Kilos Vin\u00edcola. amadip.esment \u00e9s una organitzaci\u00f3 per a que persones amb discapacitat intel\u00b7lectual i les seves fam\u00edlies gaudeixin i millorin la seva qualitat de vida i disposin de les mateixes oportunitats que tots els ciutadans. Els membres d\u2019amadip. esment participen activament en tot el proc\u00e9s de creaci\u00f3 del vi sent els principals protagonistes d\u2019aquest projecte.<\/p>\n<p>A l\u2019agost del 2006 neix el projecte \u201c4Kilos Vin\u00edcola\u201d -a Mallorca- de la m\u00e0 de Francesc Grimalt i Sergio Caballero. Francesc Grimalt \u00e9s en\u00f2leg i antic soci i director t\u00e8cnic del Celler \u00c0nima Negra a Mallorca i \u00e9s conegut per haver recuperat la varietat aut\u00f2ctona Callet en el panorama vin\u00edcola balear. Sergio Caballero \u00e9s m\u00fasic, soci fundador i codirector del festival de m\u00fasica avan\u00e7ada i art multim\u00e8dia S\u00d3NAR, del qual \u00e9s responsable de la seva imatge.<\/p>\n<p>El nom de \u201c4Kilos\u201d prov\u00e9 de la inversi\u00f3 inicial en pessetes dels seus dos socis (\u00e9s a dir, 4 milions de pessetes). D\u2019aquesta manera volien demostrar que l\u2019elaboraci\u00f3 d\u2019un bon vi no dep\u00e8n d\u2019un gran esfor\u00e7 econ\u00f2mic, sin\u00f3 d\u2019una ambici\u00f3 per la qualitat i una passi\u00f3 pel producte.<\/p>\n\n\t\t<\/div>\n\t<\/div>\n<\/div><\/div><\/div><\/div><\/div>\n\t<div class=\"wpb_text_column wpb_content_element\" >\n\t\t<div class=\"wpb_wrapper\">\n\t\t\t<h3>Origen del Nombre<\/h3>\n\n\t\t<\/div>\n\t<\/div>\n<div class=\"eltdf-row-grid-section\"><div class=\"vc_row wpb_row vc_inner vc_row-fluid\"><div class=\"wpb_column vc_column_container vc_col-sm-12 vc_col-lg-3 vc_col-md-4\"><div class=\"vc_column-inner\"><div class=\"wpb_wrapper\"><div class=\"vc_empty_space\"   style=\"height: 10px\"><span class=\"vc_empty_space_inner\"><\/span><\/div>\n\t<div  class=\"wpb_single_image wpb_content_element vc_align_left wpb_content_element\">\n\t\t\n\t\t<figure class=\"wpb_wrapper vc_figure\">\n\t\t\t<div class=\"vc_single_image-wrapper   vc_box_border_grey\"><img decoding=\"async\" width=\"308\" height=\"208\" src=\"https:\/\/gallinasyfocas.com\/wp-content\/uploads\/2017\/03\/5.jpg\" class=\"vc_single_image-img attachment-full\" alt=\"\" title=\"5\" srcset=\"https:\/\/gallinasyfocas.com\/wp-content\/uploads\/2017\/03\/5.jpg 308w, https:\/\/gallinasyfocas.com\/wp-content\/uploads\/2017\/03\/5-300x203.jpg 300w\" sizes=\"(max-width: 308px) 100vw, 308px\" \/><\/div>\n\t\t<\/figure>\n\t<\/div>\n<\/div><\/div><\/div><div class=\"wpb_column vc_column_container vc_col-sm-12 vc_col-lg-9 vc_col-md-8\"><div class=\"vc_column-inner\"><div class=\"wpb_wrapper\">\n\t<div class=\"wpb_text_column wpb_content_element\" >\n\t\t<div class=\"wpb_wrapper\">\n\t\t\t<p>Gallines &amp; Foques \u00e9s el resultat d\u2019una pluja d\u2019idees (brainstrorming) realitzada per membres d\u2019amadip.esment per donar nom al vi. Quan se\u2019ls va preguntar perqu\u00e8 havien escollit aquest nom la seva resposta va ser clara: les gallines s\u00f3n divertides i les foques aplaudeixen. Al mateix temps se\u2019ls va demanar que realitzessin dibuixos de gallines i foques que posteriorment servirien per il\u00b7lustrar l\u2019etiqueta del vi.<\/p>\n\n\t\t<\/div>\n\t<\/div>\n<div class=\"vc_empty_space\"   style=\"height: 150px\"><span class=\"vc_empty_space_inner\"><\/span><\/div><\/div><\/div><\/div><\/div><\/div><div class=\"vc_separator wpb_content_element vc_separator_align_center vc_sep_width_100 vc_sep_pos_align_center vc_separator_no_text vc_sep_color_grey wpb_content_element  wpb_content_element\" ><span class=\"vc_sep_holder vc_sep_holder_l\"><span class=\"vc_sep_line\"><\/span><\/span><span class=\"vc_sep_holder vc_sep_holder_r\"><span class=\"vc_sep_line\"><\/span><\/span>\n<\/div><\/div><\/div><\/div><\/div><\/div>\n<\/div>","protected":false},"excerpt":{"rendered":"Origen del proyecto Gallines &amp; Foques \u00e9s un vi amb un alt contingut hum\u00e0 fruit de la col\u00b7laboraci\u00f3 d\u2019amadip.esment i 4Kilos Vin\u00edcola. amadip.esment \u00e9s una organitzaci\u00f3 per a que persones amb discapacitat intel\u00b7lectual i les seves fam\u00edlies gaudeixin i millorin la seva qualitat de vida [...]","protected":false},"author":2,"featured_media":0,"parent":0,"menu_order":0,"comment_status":"closed","ping_status":"closed","template":"","meta":{"footnotes":""},"class_list":["post-11009","page","type-page","status-publish","hentry"],"yoast_head":"<!-- This site is optimized with the Yoast SEO plugin v27.3 - https:\/\/yoast.com\/product\/yoast-seo-wordpress\/ -->\n<title>Gallines &amp; Foques - Gallinas &amp; Focas<\/title>\n<meta name=\"robots\" content=\"index, follow, max-snippet:-1, max-image-preview:large, max-video-preview:-1\" \/>\n<link rel=\"canonical\" href=\"https:\/\/gallinasyfocas.com\/ca\/gallines-foques\/\" \/>\n<meta property=\"og:locale\" content=\"ca_ES\" \/>\n<meta property=\"og:type\" content=\"article\" \/>\n<meta property=\"og:title\" content=\"Gallines &amp; Foques - Gallinas &amp; Focas\" \/>\n<meta property=\"og:url\" content=\"https:\/\/gallinasyfocas.com\/ca\/gallines-foques\/\" \/>\n<meta property=\"og:site_name\" content=\"Gallinas &amp; Focas\" \/>\n<meta property=\"article:modified_time\" content=\"2019-01-03T09:59:56+00:00\" \/>\n<meta name=\"twitter:card\" content=\"summary_large_image\" \/>\n<meta name=\"twitter:label1\" content=\"Temps estimat de lectura\" \/>\n\t<meta name=\"twitter:data1\" content=\"2 minuts\" \/>\n<script type=\"application\/ld+json\" class=\"yoast-schema-graph\">{\"@context\":\"https:\\\/\\\/schema.org\",\"@graph\":[{\"@type\":\"WebPage\",\"@id\":\"https:\\\/\\\/gallinasyfocas.com\\\/ca\\\/gallines-foques\\\/\",\"url\":\"https:\\\/\\\/gallinasyfocas.com\\\/ca\\\/gallines-foques\\\/\",\"name\":\"Gallines & Foques - Gallinas &amp; Focas\",\"isPartOf\":{\"@id\":\"https:\\\/\\\/gallinasyfocas.com\\\/ca\\\/#website\"},\"datePublished\":\"2017-03-23T08:13:20+00:00\",\"dateModified\":\"2019-01-03T09:59:56+00:00\",\"breadcrumb\":{\"@id\":\"https:\\\/\\\/gallinasyfocas.com\\\/ca\\\/gallines-foques\\\/#breadcrumb\"},\"inLanguage\":\"ca\",\"potentialAction\":[{\"@type\":\"ReadAction\",\"target\":[\"https:\\\/\\\/gallinasyfocas.com\\\/ca\\\/gallines-foques\\\/\"]}]},{\"@type\":\"BreadcrumbList\",\"@id\":\"https:\\\/\\\/gallinasyfocas.com\\\/ca\\\/gallines-foques\\\/#breadcrumb\",\"itemListElement\":[{\"@type\":\"ListItem\",\"position\":1,\"name\":\"Portada\",\"item\":\"https:\\\/\\\/gallinasyfocas.com\\\/ca\\\/\"},{\"@type\":\"ListItem\",\"position\":2,\"name\":\"Gallines &#038; Foques\"}]},{\"@type\":\"WebSite\",\"@id\":\"https:\\\/\\\/gallinasyfocas.com\\\/ca\\\/#website\",\"url\":\"https:\\\/\\\/gallinasyfocas.com\\\/ca\\\/\",\"name\":\"Gallinas &amp; Focas\",\"description\":\"Es un vino con un alto contenido humano fruto de la colaboraci\u00f3n de Amadip Esment y 4kilos Vin\u00edcola\",\"potentialAction\":[{\"@type\":\"SearchAction\",\"target\":{\"@type\":\"EntryPoint\",\"urlTemplate\":\"https:\\\/\\\/gallinasyfocas.com\\\/ca\\\/?s={search_term_string}\"},\"query-input\":{\"@type\":\"PropertyValueSpecification\",\"valueRequired\":true,\"valueName\":\"search_term_string\"}}],\"inLanguage\":\"ca\"}]}<\/script>\n<!-- \/ Yoast SEO plugin. -->","yoast_head_json":{"title":"Gallines & Foques - Gallinas &amp; Focas","robots":{"index":"index","follow":"follow","max-snippet":"max-snippet:-1","max-image-preview":"max-image-preview:large","max-video-preview":"max-video-preview:-1"},"canonical":"https:\/\/gallinasyfocas.com\/ca\/gallines-foques\/","og_locale":"ca_ES","og_type":"article","og_title":"Gallines & Foques - Gallinas &amp; Focas","og_url":"https:\/\/gallinasyfocas.com\/ca\/gallines-foques\/","og_site_name":"Gallinas &amp; Focas","article_modified_time":"2019-01-03T09:59:56+00:00","twitter_card":"summary_large_image","twitter_misc":{"Temps estimat de lectura":"2 minuts"},"schema":{"@context":"https:\/\/schema.org","@graph":[{"@type":"WebPage","@id":"https:\/\/gallinasyfocas.com\/ca\/gallines-foques\/","url":"https:\/\/gallinasyfocas.com\/ca\/gallines-foques\/","name":"Gallines & Foques - Gallinas &amp; Focas","isPartOf":{"@id":"https:\/\/gallinasyfocas.com\/ca\/#website"},"datePublished":"2017-03-23T08:13:20+00:00","dateModified":"2019-01-03T09:59:56+00:00","breadcrumb":{"@id":"https:\/\/gallinasyfocas.com\/ca\/gallines-foques\/#breadcrumb"},"inLanguage":"ca","potentialAction":[{"@type":"ReadAction","target":["https:\/\/gallinasyfocas.com\/ca\/gallines-foques\/"]}]},{"@type":"BreadcrumbList","@id":"https:\/\/gallinasyfocas.com\/ca\/gallines-foques\/#breadcrumb","itemListElement":[{"@type":"ListItem","position":1,"name":"Portada","item":"https:\/\/gallinasyfocas.com\/ca\/"},{"@type":"ListItem","position":2,"name":"Gallines &#038; Foques"}]},{"@type":"WebSite","@id":"https:\/\/gallinasyfocas.com\/ca\/#website","url":"https:\/\/gallinasyfocas.com\/ca\/","name":"Gallinas &amp; Focas","description":"Es un vino con un alto contenido humano fruto de la colaboraci\u00f3n de Amadip Esment y 4kilos Vin\u00edcola","potentialAction":[{"@type":"SearchAction","target":{"@type":"EntryPoint","urlTemplate":"https:\/\/gallinasyfocas.com\/ca\/?s={search_term_string}"},"query-input":{"@type":"PropertyValueSpecification","valueRequired":true,"valueName":"search_term_string"}}],"inLanguage":"ca"}]}},"_links":{"self":[{"href":"https:\/\/gallinasyfocas.com\/ca\/wp-json\/wp\/v2\/pages\/11009","targetHints":{"allow":["GET"]}}],"collection":[{"href":"https:\/\/gallinasyfocas.com\/ca\/wp-json\/wp\/v2\/pages"}],"about":[{"href":"https:\/\/gallinasyfocas.com\/ca\/wp-json\/wp\/v2\/types\/page"}],"author":[{"embeddable":true,"href":"https:\/\/gallinasyfocas.com\/ca\/wp-json\/wp\/v2\/users\/2"}],"replies":[{"embeddable":true,"href":"https:\/\/gallinasyfocas.com\/ca\/wp-json\/wp\/v2\/comments?post=11009"}],"version-history":[{"count":6,"href":"https:\/\/gallinasyfocas.com\/ca\/wp-json\/wp\/v2\/pages\/11009\/revisions"}],"predecessor-version":[{"id":11244,"href":"https:\/\/gallinasyfocas.com\/ca\/wp-json\/wp\/v2\/pages\/11009\/revisions\/11244"}],"wp:attachment":[{"href":"https:\/\/gallinasyfocas.com\/ca\/wp-json\/wp\/v2\/media?parent=11009"}],"curies":[{"name":"wp","href":"https:\/\/api.w.org\/{rel}","templated":true}]}}