{"id":10985,"date":"2017-03-14T10:53:33","date_gmt":"2017-03-14T10:53:33","guid":{"rendered":"http:\/\/gallinasyfocas.com\/main-home\/"},"modified":"2022-01-11T08:10:31","modified_gmt":"2022-01-11T08:10:31","slug":"main-home","status":"publish","type":"page","link":"https:\/\/gallinasyfocas.com\/ca\/","title":{"rendered":"Inici"},"content":{"rendered":"<div class=\"wpb-content-wrapper\"><div class=\"eltdf-row-grid-section\"><div class=\"vc_row wpb_row vc_row-fluid vc_custom_1489661241046 eltdf-row-type-row\" style=\"\"><div class=\"wpb_column vc_column_container vc_col-sm-12\"><div class=\"vc_column-inner\"><div class=\"wpb_wrapper\"><div class=\"vc_separator wpb_content_element vc_separator_align_center vc_sep_width_100 vc_sep_pos_align_center vc_separator_no_text vc_sep_color_grey wpb_content_element  wpb_content_element\" ><span class=\"vc_sep_holder vc_sep_holder_l\"><span class=\"vc_sep_line\"><\/span><\/span><span class=\"vc_sep_holder vc_sep_holder_r\"><span class=\"vc_sep_line\"><\/span><\/span>\n<\/div><\/div><\/div><\/div><\/div><\/div><div class=\"eltdf-row-grid-section\"><div class=\"vc_row wpb_row vc_row-fluid vc_custom_1505203795988 eltdf-content-aligment-center eltdf-row-type-row\" style=\"\"><div class=\"wpb_column vc_column_container vc_col-sm-12\"><div class=\"vc_column-inner vc_custom_1489652759587\"><div class=\"wpb_wrapper\"><div class=\"eltdf-section-title-holder\" >\n\t\t\t<h2 class=\"eltdf-st-title\" >\n\t\t\t<span>Origen del projecte<\/span>\n\t\t<\/h2>\n                    <div class=\"eltdf-st-separator clearfix\">\n                <div class=\"eltdf-separator\" ><\/div>\n            <\/div>\n        \t\t\t\t<h4 class=\"eltdf-st-subtitle\" >\n\t\t<span>Gallines &amp; Foques \u00e9s un vi amb un alt contingut hum\u00e0 fruit de la col\u00b7laboraci\u00f3 de Esment i 4kilos Vin\u00edcola. Esment \u00e9s una organitzaci\u00f3 perqu\u00e8 persones amb discapacitat intel\u00b7lectual i les seves fam\u00edlies gaudeixin i millorin la seva qualitat de vida i disposin de les mateixes oportunitats que tots els ciutadans.<\/span>\n\t\t<\/h4>\n\t\t<\/div><div class=\"vc_empty_space\"   style=\"height: 90px\"><span class=\"vc_empty_space_inner\"><\/span><\/div><\/div><\/div><\/div><\/div><\/div><div class=\"vc_row wpb_row vc_row-fluid eltdf-content-aligment-center eltdf-row-type-row\" style=\"\"><div class=\"wpb_column vc_column_container vc_col-sm-12\"><div class=\"vc_column-inner\"><div class=\"wpb_wrapper\"><div class=\"eltdf-row-grid-section\"><div class=\"vc_row wpb_row vc_inner vc_row-fluid\"><div class=\"wpb_column vc_column_container vc_col-sm-12\"><div class=\"vc_column-inner\"><div class=\"wpb_wrapper\"><div class=\"vc_separator wpb_content_element vc_separator_align_center vc_sep_width_100 vc_sep_pos_align_center vc_separator_no_text vc_sep_color_grey wpb_content_element  wpb_content_element\" ><span class=\"vc_sep_holder vc_sep_holder_l\"><span class=\"vc_sep_line\"><\/span><\/span><span class=\"vc_sep_holder vc_sep_holder_r\"><span class=\"vc_sep_line\"><\/span><\/span>\n<\/div><\/div><\/div><\/div><\/div><\/div><div class=\"eltdf-elements-holder eltdf-responsive-mode-768\" ><div class=\"eltdf-eh-item \" data-item-class=\"eltdf-eh-custom-613976\" data-1280-1600=\"12% 0%\" data-1024-1280=\"12% 0%\" data-768-1024=\"12% 0%\" data-600-768=\"11% 0%\" data-480-600=\"11% 0%\" data-480=\"11% 0%\" >\n\t<div class=\"eltdf-eh-item-inner\" style=\"background-image: url(https:\/\/gallinasyfocas.com\/wp-content\/uploads\/2017\/03\/mapa-mallorca.jpg);background-size: cover\">\n\t\t<div class=\"eltdf-eh-item-content eltdf-eh-custom-613976\" style=\"padding: 13% 0%\">\n\t\t\t<div class=\"vc_empty_space\"   style=\"height: 32px\"><span class=\"vc_empty_space_inner\"><\/span><\/div>\t\t<\/div>\n\t<\/div>\n\t<\/div><\/div><div class=\"eltdf-elements-holder eltdf-responsive-mode-768\" ><div class=\"eltdf-eh-item eltdf-horizontal-alignment-center\" data-item-class=\"eltdf-eh-custom-777089\" data-1280-1600=\"1% 34% 26%\" data-1024-1280=\"9% 30% 50%\" data-768-1024=\"10% 22% 63%\" data-600-768=\"10% 21% 83%\" data-480-600=\"10% 9% 200%\" data-480=\"10% 9% 200%\" >\n\t<div class=\"eltdf-eh-item-inner\" style=\"background-image: url(https:\/\/gallinasyfocas.com\/wp-content\/uploads\/2020\/11\/cabecera.jpg);background-size: cover\">\n\t\t<div class=\"eltdf-eh-item-content eltdf-eh-custom-777089\" style=\"padding: 4.5% 37% 30%\">\n\t\t\t<div class=\"eltdf-section-title-holder\" >\n\t\t\t<h2 class=\"eltdf-st-title\" style=\"color: #000000\">\n\t\t\t<span>Origen del nom<\/span>\n\t\t<\/h2>\n                    <div class=\"eltdf-st-separator clearfix\">\n                <div class=\"eltdf-separator\" ><\/div>\n            <\/div>\n        \t\t\t<\/div>\n\t<div class=\"wpb_text_column wpb_content_element\" >\n\t\t<div class=\"wpb_wrapper\">\n\t\t\t<p><span style=\"color: #000000;\">Gallines &amp; Foques \u00e9s el resultat d&#8217;una tempesta d&#8217;idees (brainstorming) realitzada per membres de esment per a donar nom al vi. Quan se&#8217;ls va preguntar per qu\u00e8 havien triat aquest nom la seva resposta va ser clara: les gallines s\u00f3n divertides i les foques aplaudeixen. Al mateix temps se&#8217;ls va demanar que realitzessin dibuixos de gallines i foques que posteriorment servirien per a il\u00b7lustrar l&#8217;etiqueta del vi.<\/span><\/p>\n\n\t\t<\/div>\n\t<\/div>\n\t\t<\/div>\n\t<\/div>\n\t<\/div><\/div><\/div><\/div><\/div><\/div><div class=\"eltdf-row-grid-section\"><div class=\"vc_row wpb_row vc_row-fluid vc_custom_1505217086917 eltdf-row-type-row\" style=\"\"><div class=\"wpb_column vc_column_container vc_col-sm-12\"><div class=\"vc_column-inner\"><div class=\"wpb_wrapper\"><div class=\"eltdf-section-title-holder\" style=\"text-align: center\">\n\t\t\t<h2 class=\"eltdf-st-title\" >\n\t\t\t<span>Vinos<\/span>\n\t\t<\/h2>\n                    <div class=\"eltdf-st-separator clearfix\">\n                <div class=\"eltdf-separator\" style=\"margin-top: 30px\"><\/div>\n            <\/div>\n        \t\t\t<\/div><div class=\"vc_row wpb_row vc_inner vc_row-fluid\"><div class=\"wpb_column vc_column_container vc_col-sm-12 vc_col-lg-9 vc_col-md-8\"><div class=\"vc_column-inner\"><div class=\"wpb_wrapper\"><div class=\"eltdf-elements-holder eltdf-responsive-mode-768\" ><div class=\"eltdf-eh-item eltdf-horizontal-alignment-right\" data-item-class=\"eltdf-eh-custom-988929\" data-1024-1280=\"129px 0% 150px 15%\" data-768-1024=\"129px 0% 150px 10%\" data-600-768=\"150px 0% 0px 6%\" data-480-600=\"150px 0% 0px 0px\" data-480=\"150px 0% 0px 0px\" >\n\t<div class=\"eltdf-eh-item-inner\" >\n\t\t<div class=\"eltdf-eh-item-content eltdf-eh-custom-988929\" style=\"padding: 50px 0% 63px 22%\">\n\t\t\t\n\t<div class=\"wpb_text_column wpb_content_element\" >\n\t\t<div class=\"wpb_wrapper\">\n\t\t\t<h6>2018<\/h6>\n\n\t\t<\/div>\n\t<\/div>\n\n\t<div class=\"wpb_text_column wpb_content_element vc_custom_1559532598142\" >\n\t\t<div class=\"wpb_wrapper\">\n\t\t\t<h3>Gallinas &amp; Focas<\/h3>\n\n\t\t<\/div>\n\t<\/div>\n\n\t<div class=\"wpb_text_column wpb_content_element vc_custom_1604669557571\" >\n\t\t<div class=\"wpb_wrapper\">\n\t\t\t<div class=\"traductor-textarea form-group\">\n<div class=\"textarea-desti col-xs-12 col-sm-6\">\n<div class=\"form-control second-textarea\">Gallines &amp; Foques: nom creat per persones de Esment, amb diferents necessitats de suport. Les gallines s\u00f3n divertides i les foques aplaudeixen.<\/div>\n<\/div>\n<\/div>\n\n\t\t<\/div>\n\t<\/div>\n<div class=\"vc_empty_space\"   style=\"height: 27px\"><span class=\"vc_empty_space_inner\"><\/span><\/div><a itemprop=\"url\" href=\"\/vinos\/#Gallinasyfocas\" target=\"_self\"  class=\"eltdf-btn eltdf-btn-medium eltdf-btn-outline eltdf-btn-custom-hover-bg eltdf-btn-custom-border-hover eltdf-btn-custom-hover-color\" data-hover-color=\"#737272\" data-hover-bg-color=\"rgba(255,255,255,0.01)\" data-hover-border-color=\"#737272\" >\n    <span class=\"eltdf-btn-text\">Ver ficha<\/span>\n    <\/a>\t\t<\/div>\n\t<\/div>\n\t<\/div><\/div><\/div><\/div><\/div><div class=\"wpb_column vc_column_container vc_col-sm-12 vc_col-lg-3 vc_col-md-4\"><div class=\"vc_column-inner\"><div class=\"wpb_wrapper\">\n\t<div  class=\"wpb_single_image wpb_content_element vc_align_left wpb_content_element\">\n\t\t\n\t\t<figure class=\"wpb_wrapper vc_figure\">\n\t\t\t<div class=\"vc_single_image-wrapper   vc_box_border_grey\"><img decoding=\"async\" class=\"vc_single_image-img \" src=\"https:\/\/gallinasyfocas.com\/wp-content\/uploads\/2020\/11\/gallinasyfocas2018-150x500.png\" width=\"150\" height=\"500\" alt=\"gallinasyfocas2018\" title=\"gallinasyfocas2018\" \/><\/div>\n\t\t<\/figure>\n\t<\/div>\n<\/div><\/div><\/div><\/div><div class=\"vc_row wpb_row vc_inner vc_row-fluid\"><div class=\"wpb_column vc_column_container vc_col-sm-12 vc_col-lg-3 vc_col-md-4\"><div class=\"vc_column-inner\"><div class=\"wpb_wrapper\">\n\t<div  class=\"wpb_single_image wpb_content_element vc_align_left wpb_content_element\">\n\t\t\n\t\t<figure class=\"wpb_wrapper vc_figure\">\n\t\t\t<div class=\"vc_single_image-wrapper   vc_box_border_grey\"><img decoding=\"async\" class=\"vc_single_image-img \" src=\"https:\/\/gallinasyfocas.com\/wp-content\/uploads\/2020\/11\/cusantonia-150x500.png\" width=\"150\" height=\"500\" alt=\"cusantonia\" title=\"cusantonia\" \/><\/div>\n\t\t<\/figure>\n\t<\/div>\n<\/div><\/div><\/div><div class=\"wpb_column vc_column_container vc_col-sm-12 vc_col-lg-9 vc_col-md-8\"><div class=\"vc_column-inner\"><div class=\"wpb_wrapper\"><div class=\"eltdf-elements-holder eltdf-responsive-mode-768\" ><div class=\"eltdf-eh-item \" data-item-class=\"eltdf-eh-custom-560833\" data-1024-1280=\"129px 15% 150px 0px\" data-768-1024=\"137px 10% 150px 0px\" data-600-768=\"50px 6% 150px 0px\" data-480-600=\"50px 0% 150px 0px\" data-480=\"50px 0% 150px 0px\" >\n\t<div class=\"eltdf-eh-item-inner\" >\n\t\t<div class=\"eltdf-eh-item-content eltdf-eh-custom-560833\" style=\"padding: 129px 22% 70px 0px\">\n\t\t\t\n\t<div class=\"wpb_text_column wpb_content_element\" >\n\t\t<div class=\"wpb_wrapper\">\n\t\t\t<h6>2019<\/h6>\n\n\t\t<\/div>\n\t<\/div>\n\n\t<div class=\"wpb_text_column wpb_content_element vc_custom_1505206993628\" >\n\t\t<div class=\"wpb_wrapper\">\n\t\t\t<h3>Sa Cussa Ant\u00f2nia<\/h3>\n\n\t\t<\/div>\n\t<\/div>\n\n\t<div class=\"wpb_text_column wpb_content_element vc_custom_1604669592293\" >\n\t\t<div class=\"wpb_wrapper\">\n\t\t\t<p>Sa\u00a0cussa\u00a0Ant\u00f2nia \u00e9s descendent directe de la gossa espacial\u00a0Laika. Ella va ser el primer \u00e9sser viu terrestre a orbitar la Terra en 1957 a bord de la nau sovi\u00e8tica Sputnik.\u00a0Sa\u00a0Cussa\u00a0Ant\u00f2nia encara viu en el nord de Mallorca.<\/p>\n\n\t\t<\/div>\n\t<\/div>\n<div class=\"vc_empty_space\"   style=\"height: 27px\"><span class=\"vc_empty_space_inner\"><\/span><\/div><a itemprop=\"url\" href=\"\/vinos\/#sacussa\" target=\"_self\"  class=\"eltdf-btn eltdf-btn-medium eltdf-btn-outline eltdf-btn-custom-hover-bg eltdf-btn-custom-border-hover eltdf-btn-custom-hover-color\" data-hover-color=\"#737272\" data-hover-bg-color=\"rgba(255,255,255,0.01)\" data-hover-border-color=\"#737272\" >\n    <span class=\"eltdf-btn-text\">Ver ficha<\/span>\n    <\/a>\t\t<\/div>\n\t<\/div>\n\t<\/div><\/div><\/div><\/div><\/div><\/div><div class=\"vc_row wpb_row vc_inner vc_row-fluid\"><div class=\"wpb_column vc_column_container vc_col-sm-12 vc_col-lg-9 vc_col-md-8\"><div class=\"vc_column-inner\"><div class=\"wpb_wrapper\"><div class=\"eltdf-elements-holder eltdf-responsive-mode-768\" ><div class=\"eltdf-eh-item eltdf-horizontal-alignment-right\" data-item-class=\"eltdf-eh-custom-130396\" data-1024-1280=\"129px 0% 150px 15%\" data-768-1024=\"129px 0% 150px 10%\" data-600-768=\"150px 0% 0px 6%\" data-480-600=\"150px 0% 0px 0px\" data-480=\"150px 0% 0px 0px\" >\n\t<div class=\"eltdf-eh-item-inner\" >\n\t\t<div class=\"eltdf-eh-item-content eltdf-eh-custom-130396\" style=\"padding: 50px 0% 63px 22%\">\n\t\t\t\n\t<div class=\"wpb_text_column wpb_content_element\" >\n\t\t<div class=\"wpb_wrapper\">\n\t\t\t<h6>2018<\/h6>\n\n\t\t<\/div>\n\t<\/div>\n\n\t<div class=\"wpb_text_column wpb_content_element vc_custom_1604669816249\" >\n\t\t<div class=\"wpb_wrapper\">\n\t\t\t<h3>Tanuki Bob<\/h3>\n\n\t\t<\/div>\n\t<\/div>\n\n\t<div class=\"wpb_text_column wpb_content_element vc_custom_1604669832527\" >\n\t\t<div class=\"wpb_wrapper\">\n\t\t\t<p class=\"p1\">Tanuki\u00a0Bob: porta per nom el que sovint es tradueix com a gos \u00f3s rentador japon\u00e8s. Aquest \u00e9s un animal originari d&#8217;\u00c0sia i una figura important\u00edssima del folklore nip\u00f3, que representa prosperitat i fortuna. Aix\u00ed, per als creadors de 4 Quilos Vin\u00edcola,\u00a0Tanuki\u00a0Bob \u00e9s &#8220;un animal\u00a0bonach\u00f3n, burleta i entremaliat al qual li agrada molt menjar, beure i gratar-se la panxa&#8221;, tota una incitaci\u00f3 a l&#8217;hedonisme.<\/p>\n\n\t\t<\/div>\n\t<\/div>\n<div class=\"vc_empty_space\"   style=\"height: 27px\"><span class=\"vc_empty_space_inner\"><\/span><\/div><a itemprop=\"url\" href=\"\/vinos\/#Gallinasyfocas\" target=\"_self\"  class=\"eltdf-btn eltdf-btn-medium eltdf-btn-outline eltdf-btn-custom-hover-bg eltdf-btn-custom-border-hover eltdf-btn-custom-hover-color\" data-hover-color=\"#737272\" data-hover-bg-color=\"rgba(255,255,255,0.01)\" data-hover-border-color=\"#737272\" >\n    <span class=\"eltdf-btn-text\">Ver ficha<\/span>\n    <\/a>\t\t<\/div>\n\t<\/div>\n\t<\/div><\/div><\/div><\/div><\/div><div class=\"wpb_column vc_column_container vc_col-sm-12 vc_col-lg-3 vc_col-md-4\"><div class=\"vc_column-inner\"><div class=\"wpb_wrapper\">\n\t<div  class=\"wpb_single_image wpb_content_element vc_align_left wpb_content_element\">\n\t\t\n\t\t<figure class=\"wpb_wrapper vc_figure\">\n\t\t\t<div class=\"vc_single_image-wrapper   vc_box_border_grey\"><img decoding=\"async\" class=\"vc_single_image-img \" src=\"https:\/\/gallinasyfocas.com\/wp-content\/uploads\/2020\/11\/tanukibob-150x500.png\" width=\"150\" height=\"500\" alt=\"tanukibob\" title=\"tanukibob\" \/><\/div>\n\t\t<\/figure>\n\t<\/div>\n<\/div><\/div><\/div><\/div><\/div><\/div><\/div><\/div><\/div>\n<\/div>","protected":false},"excerpt":{"rendered":"Origen del projecte Gallines &amp; Foques \u00e9s un vi amb un alt contingut hum\u00e0 fruit de la col\u00b7laboraci\u00f3 de Esment i 4kilos Vin\u00edcola. Esment \u00e9s una organitzaci\u00f3 perqu\u00e8 persones amb discapacitat intel\u00b7lectual i les seves fam\u00edlies gaudeixin i millorin la seva qualitat de vida i [...]","protected":false},"author":2,"featured_media":0,"parent":0,"menu_order":0,"comment_status":"closed","ping_status":"closed","template":"full-width.php","meta":{"footnotes":""},"class_list":["post-10985","page","type-page","status-publish","hentry"],"yoast_head":"<!-- This site is optimized with the Yoast SEO plugin v27.3 - https:\/\/yoast.com\/product\/yoast-seo-wordpress\/ -->\n<title>Inici - Gallinas &amp; Focas<\/title>\n<meta name=\"robots\" content=\"index, follow, max-snippet:-1, max-image-preview:large, max-video-preview:-1\" \/>\n<link rel=\"canonical\" href=\"https:\/\/gallinasyfocas.com\/ca\/\" \/>\n<meta property=\"og:locale\" content=\"ca_ES\" \/>\n<meta property=\"og:type\" content=\"article\" \/>\n<meta property=\"og:title\" content=\"Inici - Gallinas &amp; Focas\" \/>\n<meta property=\"og:url\" content=\"https:\/\/gallinasyfocas.com\/ca\/\" \/>\n<meta property=\"og:site_name\" content=\"Gallinas &amp; Focas\" \/>\n<meta property=\"article:modified_time\" content=\"2022-01-11T08:10:31+00:00\" \/>\n<meta name=\"twitter:card\" content=\"summary_large_image\" \/>\n<meta name=\"twitter:label1\" content=\"Temps estimat de lectura\" \/>\n\t<meta name=\"twitter:data1\" content=\"3 minuts\" \/>\n<script type=\"application\/ld+json\" class=\"yoast-schema-graph\">{\"@context\":\"https:\\\/\\\/schema.org\",\"@graph\":[{\"@type\":\"WebPage\",\"@id\":\"https:\\\/\\\/gallinasyfocas.com\\\/ca\\\/\",\"url\":\"https:\\\/\\\/gallinasyfocas.com\\\/ca\\\/\",\"name\":\"Inici - Gallinas &amp; Focas\",\"isPartOf\":{\"@id\":\"https:\\\/\\\/gallinasyfocas.com\\\/ca\\\/#website\"},\"datePublished\":\"2017-03-14T10:53:33+00:00\",\"dateModified\":\"2022-01-11T08:10:31+00:00\",\"breadcrumb\":{\"@id\":\"https:\\\/\\\/gallinasyfocas.com\\\/ca\\\/#breadcrumb\"},\"inLanguage\":\"ca\",\"potentialAction\":[{\"@type\":\"ReadAction\",\"target\":[\"https:\\\/\\\/gallinasyfocas.com\\\/ca\\\/\"]}]},{\"@type\":\"BreadcrumbList\",\"@id\":\"https:\\\/\\\/gallinasyfocas.com\\\/ca\\\/#breadcrumb\",\"itemListElement\":[{\"@type\":\"ListItem\",\"position\":1,\"name\":\"Portada\",\"item\":\"https:\\\/\\\/gallinasyfocas.com\\\/ca\\\/\"},{\"@type\":\"ListItem\",\"position\":2,\"name\":\"Inici\"}]},{\"@type\":\"WebSite\",\"@id\":\"https:\\\/\\\/gallinasyfocas.com\\\/ca\\\/#website\",\"url\":\"https:\\\/\\\/gallinasyfocas.com\\\/ca\\\/\",\"name\":\"Gallinas &amp; Focas\",\"description\":\"Es un vino con un alto contenido humano fruto de la colaboraci\u00f3n de Amadip Esment y 4kilos Vin\u00edcola\",\"potentialAction\":[{\"@type\":\"SearchAction\",\"target\":{\"@type\":\"EntryPoint\",\"urlTemplate\":\"https:\\\/\\\/gallinasyfocas.com\\\/ca\\\/?s={search_term_string}\"},\"query-input\":{\"@type\":\"PropertyValueSpecification\",\"valueRequired\":true,\"valueName\":\"search_term_string\"}}],\"inLanguage\":\"ca\"}]}<\/script>\n<!-- \/ Yoast SEO plugin. -->","yoast_head_json":{"title":"Inici - Gallinas &amp; Focas","robots":{"index":"index","follow":"follow","max-snippet":"max-snippet:-1","max-image-preview":"max-image-preview:large","max-video-preview":"max-video-preview:-1"},"canonical":"https:\/\/gallinasyfocas.com\/ca\/","og_locale":"ca_ES","og_type":"article","og_title":"Inici - Gallinas &amp; Focas","og_url":"https:\/\/gallinasyfocas.com\/ca\/","og_site_name":"Gallinas &amp; Focas","article_modified_time":"2022-01-11T08:10:31+00:00","twitter_card":"summary_large_image","twitter_misc":{"Temps estimat de lectura":"3 minuts"},"schema":{"@context":"https:\/\/schema.org","@graph":[{"@type":"WebPage","@id":"https:\/\/gallinasyfocas.com\/ca\/","url":"https:\/\/gallinasyfocas.com\/ca\/","name":"Inici - Gallinas &amp; Focas","isPartOf":{"@id":"https:\/\/gallinasyfocas.com\/ca\/#website"},"datePublished":"2017-03-14T10:53:33+00:00","dateModified":"2022-01-11T08:10:31+00:00","breadcrumb":{"@id":"https:\/\/gallinasyfocas.com\/ca\/#breadcrumb"},"inLanguage":"ca","potentialAction":[{"@type":"ReadAction","target":["https:\/\/gallinasyfocas.com\/ca\/"]}]},{"@type":"BreadcrumbList","@id":"https:\/\/gallinasyfocas.com\/ca\/#breadcrumb","itemListElement":[{"@type":"ListItem","position":1,"name":"Portada","item":"https:\/\/gallinasyfocas.com\/ca\/"},{"@type":"ListItem","position":2,"name":"Inici"}]},{"@type":"WebSite","@id":"https:\/\/gallinasyfocas.com\/ca\/#website","url":"https:\/\/gallinasyfocas.com\/ca\/","name":"Gallinas &amp; Focas","description":"Es un vino con un alto contenido humano fruto de la colaboraci\u00f3n de Amadip Esment y 4kilos Vin\u00edcola","potentialAction":[{"@type":"SearchAction","target":{"@type":"EntryPoint","urlTemplate":"https:\/\/gallinasyfocas.com\/ca\/?s={search_term_string}"},"query-input":{"@type":"PropertyValueSpecification","valueRequired":true,"valueName":"search_term_string"}}],"inLanguage":"ca"}]}},"_links":{"self":[{"href":"https:\/\/gallinasyfocas.com\/ca\/wp-json\/wp\/v2\/pages\/10985","targetHints":{"allow":["GET"]}}],"collection":[{"href":"https:\/\/gallinasyfocas.com\/ca\/wp-json\/wp\/v2\/pages"}],"about":[{"href":"https:\/\/gallinasyfocas.com\/ca\/wp-json\/wp\/v2\/types\/page"}],"author":[{"embeddable":true,"href":"https:\/\/gallinasyfocas.com\/ca\/wp-json\/wp\/v2\/users\/2"}],"replies":[{"embeddable":true,"href":"https:\/\/gallinasyfocas.com\/ca\/wp-json\/wp\/v2\/comments?post=10985"}],"version-history":[{"count":25,"href":"https:\/\/gallinasyfocas.com\/ca\/wp-json\/wp\/v2\/pages\/10985\/revisions"}],"predecessor-version":[{"id":12918,"href":"https:\/\/gallinasyfocas.com\/ca\/wp-json\/wp\/v2\/pages\/10985\/revisions\/12918"}],"wp:attachment":[{"href":"https:\/\/gallinasyfocas.com\/ca\/wp-json\/wp\/v2\/media?parent=10985"}],"curies":[{"name":"wp","href":"https:\/\/api.w.org\/{rel}","templated":true}]}}